{"id":35613,"date":"2020-07-19T19:24:25","date_gmt":"2020-07-19T23:24:25","guid":{"rendered":"http:\/\/cyt-corporativo.mocadev.cl\/contacto\/"},"modified":"2024-02-22T16:59:07","modified_gmt":"2024-02-22T19:59:07","slug":"contact-us","status":"publish","type":"page","link":"https:\/\/vinacyt.com\/en\/contact-us\/","title":{"rendered":"Contact Us"},"content":{"rendered":"<div class=\"form\">\n<div class=\"wpcf7 no-js\" id=\"wpcf7-f38910-o1\" lang=\"es-ES\" dir=\"ltr\" data-wpcf7-id=\"38910\">\n<div class=\"screen-reader-response\"><p role=\"status\" aria-live=\"polite\" aria-atomic=\"true\"><\/p> <ul><\/ul><\/div>\n<form action=\"\/en\/wp-json\/wp\/v2\/pages\/35613#wpcf7-f38910-o1\" method=\"post\" class=\"wpcf7-form init\" aria-label=\"Formulario de contacto\" novalidate=\"novalidate\" data-status=\"init\">\n<fieldset class=\"hidden-fields-container\"><input type=\"hidden\" name=\"_wpcf7\" value=\"38910\" \/><input type=\"hidden\" name=\"_wpcf7_version\" value=\"6.1.5\" \/><input type=\"hidden\" name=\"_wpcf7_locale\" value=\"es_ES\" \/><input type=\"hidden\" name=\"_wpcf7_unit_tag\" value=\"wpcf7-f38910-o1\" \/><input type=\"hidden\" name=\"_wpcf7_container_post\" value=\"0\" \/><input type=\"hidden\" name=\"_wpcf7_posted_data_hash\" value=\"\" \/><input type=\"hidden\" name=\"_wpcf7_recaptcha_response\" value=\"\" \/>\n<\/fieldset>\n<div class=\"form-group\">\n    <label for=\"name\">Name<\/label>\n    <span class=\"wpcf7-form-control-wrap\" data-name=\"firstname\"><input size=\"40\" maxlength=\"400\" class=\"wpcf7-form-control wpcf7-text wpcf7-validates-as-required form-control\" aria-required=\"true\" aria-invalid=\"false\" placeholder=\"Your Name\" value=\"\" type=\"text\" name=\"firstname\" \/><\/span>\n<\/div>\n<div class=\"form-group\">\n    <label for=\"email\">E-mail<\/label>\n    <span class=\"wpcf7-form-control-wrap\" data-name=\"email\"><input size=\"40\" maxlength=\"400\" class=\"wpcf7-form-control wpcf7-email wpcf7-validates-as-required wpcf7-text wpcf7-validates-as-email form-control\" aria-required=\"true\" aria-invalid=\"false\" placeholder=\"Your E-mail\" value=\"\" type=\"email\" name=\"email\" \/><\/span>\n<\/div>\n<div class=\"form-group\">\n<label for=\"country\">Country<\/label>\n<span class=\"wpcf7-form-control-wrap\" data-name=\"country\"><select class=\"wpcf7-form-control wpcf7-select wpcf7-validates-as-required form-control\" aria-required=\"true\" aria-invalid=\"false\" name=\"country\"><option value=\"Your Country\">Your Country<\/option><option value=\"Aruba\">Aruba<\/option><option value=\"Afganist\u00e1n\">Afganist\u00e1n<\/option><option value=\"Angola\">Angola<\/option><option value=\"Anguila\">Anguila<\/option><option value=\"Islas de \u00c5land\">Islas de \u00c5land<\/option><option value=\"Albania\">Albania<\/option><option value=\"Andorra\">Andorra<\/option><option value=\"Emiratos \u00c1rabes Unidos\">Emiratos \u00c1rabes Unidos<\/option><option value=\"Argentina\">Argentina<\/option><option value=\"Armenia\">Armenia<\/option><option value=\"Samoa Americana\">Samoa Americana<\/option><option value=\"Antarctica\">Antarctica<\/option><option value=\"Territorios Australes y Ant\u00e1rticas Franceses\">Territorios Australes y Ant\u00e1rticas Franceses<\/option><option value=\"Antigua and Barbuda\">Antigua and Barbuda<\/option><option value=\"Australia\">Australia<\/option><option value=\"Austria\">Austria<\/option><option value=\"Azerbay\u00e1n\">Azerbay\u00e1n<\/option><option value=\"Burundi\">Burundi<\/option><option value=\"B\u00e9lgica\">B\u00e9lgica<\/option><option value=\"Ben\u00edn\">Ben\u00edn<\/option><option value=\"Bonaire, San Eustaquio y Saba\">Bonaire, San Eustaquio y Saba<\/option><option value=\"Burkina Faso\">Burkina Faso<\/option><option value=\"Bangladesh\">Bangladesh<\/option><option value=\"Bulgaria\">Bulgaria<\/option><option value=\"Bahrein\">Bahrein<\/option><option value=\"Bahamas\">Bahamas<\/option><option value=\"Bosnia and Herzegovina\">Bosnia and Herzegovina<\/option><option value=\"San Bartolom\u00e9\">San Bartolom\u00e9<\/option><option value=\"Bielorrusia\">Bielorrusia<\/option><option value=\"Belice\">Belice<\/option><option value=\"Islas Bermudas\">Islas Bermudas<\/option><option value=\"Bolivia\">Bolivia<\/option><option value=\"Brasil\">Brasil<\/option><option value=\"Barbados\">Barbados<\/option><option value=\"Brun\u00e9i\">Brun\u00e9i<\/option><option value=\"Bhut\u00e1n\">Bhut\u00e1n<\/option><option value=\"Isla Bouvet\">Isla Bouvet<\/option><option value=\"Botsuana\">Botsuana<\/option><option value=\"Rep\u00fablica Centroafricana\">Rep\u00fablica Centroafricana<\/option><option value=\"Canada\">Canada<\/option><option value=\"Islas Cocos (Keeling)\">Islas Cocos (Keeling)<\/option><option value=\"Suiza\">Suiza<\/option><option value=\"Chile\">Chile<\/option><option value=\"China\">China<\/option><option value=\"Costa de Marfil\">Costa de Marfil<\/option><option value=\"Camer\u00fan\">Camer\u00fan<\/option><option value=\"Congo, Rep\u00fablica Democr\u00e1tica del\">Congo, Rep\u00fablica Democr\u00e1tica del<\/option><option value=\"Congo\">Congo<\/option><option value=\"Islas Cook\">Islas Cook<\/option><option value=\"Colombia\">Colombia<\/option><option value=\"Comoras\">Comoras<\/option><option value=\"Cabo Verde\">Cabo Verde<\/option><option value=\"Costa Rica\">Costa Rica<\/option><option value=\"Cuba\">Cuba<\/option><option value=\"Curazao\">Curazao<\/option><option value=\"Isla de Navidad\">Isla de Navidad<\/option><option value=\"Islas Caim\u00e1n\">Islas Caim\u00e1n<\/option><option value=\"Chipre\">Chipre<\/option><option value=\"Czechia\">Czechia<\/option><option value=\"Alemania\">Alemania<\/option><option value=\"Yibuti\">Yibuti<\/option><option value=\"Dominica\">Dominica<\/option><option value=\"Dinamarca\">Dinamarca<\/option><option value=\"Rep\u00fablica Dominicana\">Rep\u00fablica Dominicana<\/option><option value=\"Argelia\">Argelia<\/option><option value=\"Ecuador\">Ecuador<\/option><option value=\"Egipto\">Egipto<\/option><option value=\"Eritrea\">Eritrea<\/option><option value=\"Sahara Occidental\">Sahara Occidental<\/option><option value=\"Espa\u00f1a\">Espa\u00f1a<\/option><option value=\"Estonia\">Estonia<\/option><option value=\"Etiop\u00eda\">Etiop\u00eda<\/option><option value=\"Finlandia\">Finlandia<\/option><option value=\"Fiji\">Fiji<\/option><option value=\"Islas Malvinas\">Islas Malvinas<\/option><option value=\"Francia\">Francia<\/option><option value=\"Islas Feroe\">Islas Feroe<\/option><option value=\"Micronesia\">Micronesia<\/option><option value=\"Gabon\">Gabon<\/option><option value=\"United Kingdom of Great Britain and Northern Ireland\">United Kingdom of Great Britain and Northern Ireland<\/option><option value=\"Georgia\">Georgia<\/option><option value=\"Guernsey\">Guernsey<\/option><option value=\"Ghana\">Ghana<\/option><option value=\"Gibraltar\">Gibraltar<\/option><option value=\"Guinea\">Guinea<\/option><option value=\"Guadalupe\">Guadalupe<\/option><option value=\"Gambia\">Gambia<\/option><option value=\"Guinea-Bissau\">Guinea-Bissau<\/option><option value=\"Guinea Ecuatorial\">Guinea Ecuatorial<\/option><option value=\"Grecia\">Grecia<\/option><option value=\"Granada\">Granada<\/option><option value=\"Groenlandia\">Groenlandia<\/option><option value=\"Guatemala\">Guatemala<\/option><option value=\"Guayana Francesa\">Guayana Francesa<\/option><option value=\"Guam\">Guam<\/option><option value=\"Guyana\">Guyana<\/option><option value=\"Hong Kong\">Hong Kong<\/option><option value=\"Islas Heard y McDonald\">Islas Heard y McDonald<\/option><option value=\"Honduras\">Honduras<\/option><option value=\"Croacia\">Croacia<\/option><option value=\"Hait\u00ed\">Hait\u00ed<\/option><option value=\"Hungr\u00eda\">Hungr\u00eda<\/option><option value=\"Indonesia\">Indonesia<\/option><option value=\"Isla de Man\">Isla de Man<\/option><option value=\"India\">India<\/option><option value=\"Territorio Brit\u00e1nico del Oc\u00e9ano \u00cdndico\">Territorio Brit\u00e1nico del Oc\u00e9ano \u00cdndico<\/option><option value=\"Irlanda\">Irlanda<\/option><option value=\"Ir\u00e1n, Rep\u00fablica Isl\u00e1mica de\">Ir\u00e1n, Rep\u00fablica Isl\u00e1mica de<\/option><option value=\"Irak\">Irak<\/option><option value=\"Islandia\">Islandia<\/option><option value=\"Israel\">Israel<\/option><option value=\"Italia\">Italia<\/option><option value=\"Jamaica\">Jamaica<\/option><option value=\"Jersey\">Jersey<\/option><option value=\"Jordania\">Jordania<\/option><option value=\"Jap\u00f3n\">Jap\u00f3n<\/option><option value=\"Kazajist\u00e1n\">Kazajist\u00e1n<\/option><option value=\"Kenia\">Kenia<\/option><option value=\"Kirgizst\u00e1n\">Kirgizst\u00e1n<\/option><option value=\"Camboya\">Camboya<\/option><option value=\"Kiribati\">Kiribati<\/option><option value=\"Saint Kitts and Nevis\">Saint Kitts and Nevis<\/option><option value=\"Corea del Sur\">Corea del Sur<\/option><option value=\"Kuwait\">Kuwait<\/option><option value=\"Rep\u00fablica Popular Democr\u00e1tica de Laos\">Rep\u00fablica Popular Democr\u00e1tica de Laos<\/option><option value=\"Lebanon\">Lebanon<\/option><option value=\"Liberia\">Liberia<\/option><option value=\"Libia\">Libia<\/option><option value=\"Santa Luc\u00eda\">Santa Luc\u00eda<\/option><option value=\"Liechtenstein\">Liechtenstein<\/option><option value=\"Sri Lanka\">Sri Lanka<\/option><option value=\"Lesoto\">Lesoto<\/option><option value=\"Lituania\">Lituania<\/option><option value=\"Luxemburgo\">Luxemburgo<\/option><option value=\"Letonia\">Letonia<\/option><option value=\"Macao\">Macao<\/option><option value=\"San Mart\u00edn (Francia)\">San Mart\u00edn (Francia)<\/option><option value=\"Marruecos\">Marruecos<\/option><option value=\"Monaco\">Monaco<\/option><option value=\"Moldavia\">Moldavia<\/option><option value=\"Madagascar\">Madagascar<\/option><option value=\"Islas Maldivas\">Islas Maldivas<\/option><option value=\"Mexico\">Mexico<\/option><option value=\"Islas Marshall\">Islas Marshall<\/option><option value=\"North Macedonia\">North Macedonia<\/option><option value=\"Mali\">Mali<\/option><option value=\"Malta\">Malta<\/option><option value=\"Birmania\">Birmania<\/option><option value=\"Montenegro\">Montenegro<\/option><option value=\"Mongolia\">Mongolia<\/option><option value=\"Islas Marianas del Norte\">Islas Marianas del Norte<\/option><option value=\"Mozambique\">Mozambique<\/option><option value=\"Mauritania\">Mauritania<\/option><option value=\"Montserrat\">Montserrat<\/option><option value=\"Martinica\">Martinica<\/option><option value=\"Mauricio\">Mauricio<\/option><option value=\"Malawi\">Malawi<\/option><option value=\"Malasia\">Malasia<\/option><option value=\"Mayotte\">Mayotte<\/option><option value=\"Namibia\">Namibia<\/option><option value=\"Nueva Caledonia\">Nueva Caledonia<\/option><option value=\"Niger\">Niger<\/option><option value=\"Norfolk Island\">Norfolk Island<\/option><option value=\"Nigeria\">Nigeria<\/option><option value=\"Nicaragua\">Nicaragua<\/option><option value=\"Niue\">Niue<\/option><option value=\"Netherlands, Kingdom of the\">Netherlands, Kingdom of the<\/option><option value=\"Norway\">Norway<\/option><option value=\"Nepal\">Nepal<\/option><option value=\"Nauru\">Nauru<\/option><option value=\"Nueva Zelanda\">Nueva Zelanda<\/option><option value=\"Om\u00e1n\">Om\u00e1n<\/option><option value=\"Pakist\u00e1n\">Pakist\u00e1n<\/option><option value=\"Panam\u00e1\">Panam\u00e1<\/option><option value=\"Pitcairn\">Pitcairn<\/option><option value=\"Per\u00fa\">Per\u00fa<\/option><option value=\"Filipinas\">Filipinas<\/option><option value=\"Palau\">Palau<\/option><option value=\"Pap\u00faa Nueva Guinea\">Pap\u00faa Nueva Guinea<\/option><option value=\"Polonia\">Polonia<\/option><option value=\"Puerto Rico\">Puerto Rico<\/option><option value=\"Corea del Norte\">Corea del Norte<\/option><option value=\"Portugal\">Portugal<\/option><option value=\"Paraguay\">Paraguay<\/option><option value=\"Palestina\">Palestina<\/option><option value=\"Polinesia Francesa\">Polinesia Francesa<\/option><option value=\"Qatar\">Qatar<\/option><option value=\"Reuni\u00f3n\">Reuni\u00f3n<\/option><option value=\"Ruman\u00eda\">Ruman\u00eda<\/option><option value=\"Rusia\">Rusia<\/option><option value=\"Ruanda\">Ruanda<\/option><option value=\"Arabia Saudita\">Arabia Saudita<\/option><option value=\"Sud\u00e1n\">Sud\u00e1n<\/option><option value=\"Senegal\">Senegal<\/option><option value=\"Singapur\">Singapur<\/option><option value=\"Islas Georgias del Sur y Sandwich del Sur\">Islas Georgias del Sur y Sandwich del Sur<\/option><option value=\"Santa Elena\">Santa Elena<\/option><option value=\"Svalbard y Jan Mayen\">Svalbard y Jan Mayen<\/option><option value=\"Solomon Islands\">Solomon Islands<\/option><option value=\"Sierra Leona\">Sierra Leona<\/option><option value=\"El Salvador\">El Salvador<\/option><option value=\"San Marino\">San Marino<\/option><option value=\"Somalia\">Somalia<\/option><option value=\"San Pedro y Miquel\u00f3n\">San Pedro y Miquel\u00f3n<\/option><option value=\"Serbia\">Serbia<\/option><option value=\"Sud\u00e1n del Sur\">Sud\u00e1n del Sur<\/option><option value=\"Santo Tom\u00e9 y Pr\u00edncipe\">Santo Tom\u00e9 y Pr\u00edncipe<\/option><option value=\"Surin\u00e1m\">Surin\u00e1m<\/option><option value=\"Eslovaquia\">Eslovaquia<\/option><option value=\"Eslovenia\">Eslovenia<\/option><option value=\"Suecia\">Suecia<\/option><option value=\"Eswatini\">Eswatini<\/option><option value=\"Sint Maarten\">Sint Maarten<\/option><option value=\"Seychelles\">Seychelles<\/option><option value=\"Siria\">Siria<\/option><option value=\"Islas Turcas y Caicos\">Islas Turcas y Caicos<\/option><option value=\"Chad\">Chad<\/option><option value=\"Togo\">Togo<\/option><option value=\"Tailandia\">Tailandia<\/option><option value=\"Tadjikist\u00e1n\">Tadjikist\u00e1n<\/option><option value=\"Tokelau\">Tokelau<\/option><option value=\"Turkmenistan\">Turkmenistan<\/option><option value=\"Timor Oriental\">Timor Oriental<\/option><option value=\"Tonga\">Tonga<\/option><option value=\"Trinidad y Tobago\">Trinidad y Tobago<\/option><option value=\"Tunez\">Tunez<\/option><option value=\"Turqu\u00eda\">Turqu\u00eda<\/option><option value=\"Tuvalu\">Tuvalu<\/option><option value=\"Taiw\u00e1n\">Taiw\u00e1n<\/option><option value=\"Tanzania\">Tanzania<\/option><option value=\"Uganda\">Uganda<\/option><option value=\"Ucrania\">Ucrania<\/option><option value=\"Islas Ultramarinas Menores de Estados Unidos\">Islas Ultramarinas Menores de Estados Unidos<\/option><option value=\"Uruguay\">Uruguay<\/option><option value=\"United States of America\">United States of America<\/option><option value=\"Uzbekist\u00e1n\">Uzbekist\u00e1n<\/option><option value=\"Holy See\">Holy See<\/option><option value=\"San Vicente y las Granadinas\">San Vicente y las Granadinas<\/option><option value=\"Venezuela\">Venezuela<\/option><option value=\"Islas V\u00edrgenes Brit\u00e1nicas\">Islas V\u00edrgenes Brit\u00e1nicas<\/option><option value=\"Islas V\u00edrgenes de los Estados Unidos\">Islas V\u00edrgenes de los Estados Unidos<\/option><option value=\"Vietnam\">Vietnam<\/option><option value=\"Vanuatu\">Vanuatu<\/option><option value=\"Wallis y Futuna\">Wallis y Futuna<\/option><option value=\"Samoa\">Samoa<\/option><option value=\"Yemen\">Yemen<\/option><option value=\"Sud\u00e1frica\">Sud\u00e1frica<\/option><option value=\"Zambia\">Zambia<\/option><option value=\"Zimbabwe\">Zimbabwe<\/option><\/select><\/span>\n<\/div>\n<div class=\"form-group\">\n    <label for=\"Asunto\">Subject<\/label>\n        <span class=\"wpcf7-form-control-wrap\" data-name=\"Asunto\"><select class=\"wpcf7-form-control wpcf7-select wpcf7-validates-as-required form-control\" id=\"contactSubject\" aria-required=\"true\" aria-invalid=\"false\" name=\"Asunto\"><option value=\"Investors Contact\">Investors Contact<\/option><option value=\"Press Contact\">Press Contact<\/option><option value=\"Work With Us\">Work With Us<\/option><option value=\"Suggestions\">Suggestions<\/option><option value=\"Other\">Other<\/option><\/select><\/span>\n<\/div>\n<div class=\"form-group\">\n    <label for=\"message\">Menssage<\/label>\n    <span class=\"wpcf7-form-control-wrap\" data-name=\"message\"><textarea cols=\"40\" rows=\"10\" maxlength=\"2000\" class=\"wpcf7-form-control wpcf7-textarea form-control\" aria-invalid=\"false\" placeholder=\"Your Message\" name=\"message\"><\/textarea><\/span>\n<\/div>\n\n<input class=\"wpcf7-form-control wpcf7-submit has-spinner btn btn-primary\" type=\"submit\" value=\"Send\" \/><div class=\"wpcf7-response-output\" aria-hidden=\"true\"><\/div>\n<\/form>\n<\/div>\n<\/div>\n","protected":false},"excerpt":{"rendered":"","protected":false},"author":3,"featured_media":0,"parent":0,"menu_order":3,"comment_status":"closed","ping_status":"closed","template":"contacto","meta":{"_acf_changed":false,"_monsterinsights_skip_tracking":false,"_monsterinsights_sitenote_active":false,"_monsterinsights_sitenote_note":"","_monsterinsights_sitenote_category":0,"footnotes":""},"categoria":[],"class_list":["post-35613","page","type-page","status-publish","hentry"],"acf":[],"yoast_head":"<!-- This site is optimized with the Yoast SEO plugin v27.1.1 - https:\/\/yoast.com\/product\/yoast-seo-wordpress\/ -->\n<title>Contact Us - Vi\u00f1a Concha y Toro<\/title>\n<meta name=\"robots\" content=\"index, follow, max-snippet:-1, max-image-preview:large, max-video-preview:-1\" \/>\n<link rel=\"canonical\" href=\"https:\/\/vinacyt.com\/en\/contact-us\/\" \/>\n<meta property=\"og:locale\" content=\"en_US\" \/>\n<meta property=\"og:type\" content=\"article\" \/>\n<meta property=\"og:title\" content=\"Contact Us - Vi\u00f1a Concha y Toro\" \/>\n<meta property=\"og:url\" content=\"https:\/\/vinacyt.com\/en\/contact-us\/\" \/>\n<meta property=\"og:site_name\" content=\"Vi\u00f1a Concha y Toro\" \/>\n<meta property=\"article:modified_time\" content=\"2024-02-22T19:59:07+00:00\" \/>\n<meta name=\"twitter:card\" content=\"summary_large_image\" \/>\n<meta name=\"twitter:label1\" content=\"Est. reading time\" \/>\n\t<meta name=\"twitter:data1\" content=\"1 minute\" \/>\n<script type=\"application\/ld+json\" class=\"yoast-schema-graph\">{\"@context\":\"https:\/\/schema.org\",\"@graph\":[{\"@type\":\"WebPage\",\"@id\":\"https:\/\/vinacyt.com\/en\/contact-us\/\",\"url\":\"https:\/\/vinacyt.com\/en\/contact-us\/\",\"name\":\"Contact Us - Vi\u00f1a Concha y Toro\",\"isPartOf\":{\"@id\":\"https:\/\/vinacyt.com\/en\/#website\"},\"datePublished\":\"2020-07-19T23:24:25+00:00\",\"dateModified\":\"2024-02-22T19:59:07+00:00\",\"breadcrumb\":{\"@id\":\"https:\/\/vinacyt.com\/en\/contact-us\/#breadcrumb\"},\"inLanguage\":\"en-US\",\"potentialAction\":[{\"@type\":\"ReadAction\",\"target\":[\"https:\/\/vinacyt.com\/en\/contact-us\/\"]}]},{\"@type\":\"BreadcrumbList\",\"@id\":\"https:\/\/vinacyt.com\/en\/contact-us\/#breadcrumb\",\"itemListElement\":[{\"@type\":\"ListItem\",\"position\":1,\"name\":\"Home\",\"item\":\"https:\/\/vinacyt.com\/en\/\"},{\"@type\":\"ListItem\",\"position\":2,\"name\":\"Contact Us\"}]},{\"@type\":\"WebSite\",\"@id\":\"https:\/\/vinacyt.com\/en\/#website\",\"url\":\"https:\/\/vinacyt.com\/en\/\",\"name\":\"Vi\u00f1a Concha y Toro\",\"description\":\"Vi\u00f1a Concha y Toro se ha convertido en el principal productor de vinos de Latinoam\u00e9rica con una destacada posici\u00f3n entre las compa\u00f1\u00edas de vino m\u00e1s importantes del mundo y con presencia en m\u00e1s de 130 pa\u00edses\",\"potentialAction\":[{\"@type\":\"SearchAction\",\"target\":{\"@type\":\"EntryPoint\",\"urlTemplate\":\"https:\/\/vinacyt.com\/en\/?s={search_term_string}\"},\"query-input\":{\"@type\":\"PropertyValueSpecification\",\"valueRequired\":true,\"valueName\":\"search_term_string\"}}],\"inLanguage\":\"en-US\"}]}<\/script>\n<!-- \/ Yoast SEO plugin. -->","yoast_head_json":{"title":"Contact Us - Vi\u00f1a Concha y Toro","robots":{"index":"index","follow":"follow","max-snippet":"max-snippet:-1","max-image-preview":"max-image-preview:large","max-video-preview":"max-video-preview:-1"},"canonical":"https:\/\/vinacyt.com\/en\/contact-us\/","og_locale":"en_US","og_type":"article","og_title":"Contact Us - Vi\u00f1a Concha y Toro","og_url":"https:\/\/vinacyt.com\/en\/contact-us\/","og_site_name":"Vi\u00f1a Concha y Toro","article_modified_time":"2024-02-22T19:59:07+00:00","twitter_card":"summary_large_image","twitter_misc":{"Est. reading time":"1 minute"},"schema":{"@context":"https:\/\/schema.org","@graph":[{"@type":"WebPage","@id":"https:\/\/vinacyt.com\/en\/contact-us\/","url":"https:\/\/vinacyt.com\/en\/contact-us\/","name":"Contact Us - Vi\u00f1a Concha y Toro","isPartOf":{"@id":"https:\/\/vinacyt.com\/en\/#website"},"datePublished":"2020-07-19T23:24:25+00:00","dateModified":"2024-02-22T19:59:07+00:00","breadcrumb":{"@id":"https:\/\/vinacyt.com\/en\/contact-us\/#breadcrumb"},"inLanguage":"en-US","potentialAction":[{"@type":"ReadAction","target":["https:\/\/vinacyt.com\/en\/contact-us\/"]}]},{"@type":"BreadcrumbList","@id":"https:\/\/vinacyt.com\/en\/contact-us\/#breadcrumb","itemListElement":[{"@type":"ListItem","position":1,"name":"Home","item":"https:\/\/vinacyt.com\/en\/"},{"@type":"ListItem","position":2,"name":"Contact Us"}]},{"@type":"WebSite","@id":"https:\/\/vinacyt.com\/en\/#website","url":"https:\/\/vinacyt.com\/en\/","name":"Vi\u00f1a Concha y Toro","description":"Vi\u00f1a Concha y Toro se ha convertido en el principal productor de vinos de Latinoam\u00e9rica con una destacada posici\u00f3n entre las compa\u00f1\u00edas de vino m\u00e1s importantes del mundo y con presencia en m\u00e1s de 130 pa\u00edses","potentialAction":[{"@type":"SearchAction","target":{"@type":"EntryPoint","urlTemplate":"https:\/\/vinacyt.com\/en\/?s={search_term_string}"},"query-input":{"@type":"PropertyValueSpecification","valueRequired":true,"valueName":"search_term_string"}}],"inLanguage":"en-US"}]}},"_links":{"self":[{"href":"https:\/\/vinacyt.com\/en\/wp-json\/wp\/v2\/pages\/35613","targetHints":{"allow":["GET"]}}],"collection":[{"href":"https:\/\/vinacyt.com\/en\/wp-json\/wp\/v2\/pages"}],"about":[{"href":"https:\/\/vinacyt.com\/en\/wp-json\/wp\/v2\/types\/page"}],"author":[{"embeddable":true,"href":"https:\/\/vinacyt.com\/en\/wp-json\/wp\/v2\/users\/3"}],"replies":[{"embeddable":true,"href":"https:\/\/vinacyt.com\/en\/wp-json\/wp\/v2\/comments?post=35613"}],"version-history":[{"count":0,"href":"https:\/\/vinacyt.com\/en\/wp-json\/wp\/v2\/pages\/35613\/revisions"}],"wp:attachment":[{"href":"https:\/\/vinacyt.com\/en\/wp-json\/wp\/v2\/media?parent=35613"}],"wp:term":[{"taxonomy":"categoria","embeddable":true,"href":"https:\/\/vinacyt.com\/en\/wp-json\/wp\/v2\/categoria?post=35613"}],"curies":[{"name":"wp","href":"https:\/\/api.w.org\/{rel}","templated":true}]}}