{"id":35639,"date":"2020-07-12T00:18:16","date_gmt":"2020-07-12T04:18:16","guid":{"rendered":"http:\/\/cyt-corporativo.mocadev.cl\/nuestros-pilares\/"},"modified":"2020-08-31T14:16:22","modified_gmt":"2020-08-31T18:16:22","slug":"corporate-pillars","status":"publish","type":"page","link":"https:\/\/vinacyt.com\/en\/corporate-pillars\/","title":{"rendered":"Corporate Pillars"},"content":{"rendered":"","protected":false},"excerpt":{"rendered":"","protected":false},"author":3,"featured_media":0,"parent":0,"menu_order":70,"comment_status":"closed","ping_status":"closed","template":"pilares","meta":{"_acf_changed":false,"_monsterinsights_skip_tracking":false,"_monsterinsights_sitenote_active":false,"_monsterinsights_sitenote_note":"","_monsterinsights_sitenote_category":0,"footnotes":""},"categoria":[],"class_list":["post-35639","page","type-page","status-publish","hentry"],"acf":[],"yoast_head":"<!-- This site is optimized with the Yoast SEO plugin v27.1.1 - https:\/\/yoast.com\/product\/yoast-seo-wordpress\/ -->\n<title>Corporate Pillars - Vi\u00f1a Concha y Toro<\/title>\n<meta name=\"robots\" content=\"index, follow, max-snippet:-1, max-image-preview:large, max-video-preview:-1\" \/>\n<link rel=\"canonical\" href=\"https:\/\/vinacyt.com\/en\/corporate-pillars\/\" \/>\n<meta property=\"og:locale\" content=\"en_US\" \/>\n<meta property=\"og:type\" content=\"article\" \/>\n<meta property=\"og:title\" content=\"Corporate Pillars - Vi\u00f1a Concha y Toro\" \/>\n<meta property=\"og:url\" content=\"https:\/\/vinacyt.com\/en\/corporate-pillars\/\" \/>\n<meta property=\"og:site_name\" content=\"Vi\u00f1a Concha y Toro\" \/>\n<meta property=\"article:modified_time\" content=\"2020-08-31T18:16:22+00:00\" \/>\n<meta name=\"twitter:card\" content=\"summary_large_image\" \/>\n<script type=\"application\/ld+json\" class=\"yoast-schema-graph\">{\"@context\":\"https:\/\/schema.org\",\"@graph\":[{\"@type\":\"WebPage\",\"@id\":\"https:\/\/vinacyt.com\/en\/corporate-pillars\/\",\"url\":\"https:\/\/vinacyt.com\/en\/corporate-pillars\/\",\"name\":\"Corporate Pillars - Vi\u00f1a Concha y Toro\",\"isPartOf\":{\"@id\":\"https:\/\/vinacyt.com\/en\/#website\"},\"datePublished\":\"2020-07-12T04:18:16+00:00\",\"dateModified\":\"2020-08-31T18:16:22+00:00\",\"breadcrumb\":{\"@id\":\"https:\/\/vinacyt.com\/en\/corporate-pillars\/#breadcrumb\"},\"inLanguage\":\"en-US\",\"potentialAction\":[{\"@type\":\"ReadAction\",\"target\":[\"https:\/\/vinacyt.com\/en\/corporate-pillars\/\"]}]},{\"@type\":\"BreadcrumbList\",\"@id\":\"https:\/\/vinacyt.com\/en\/corporate-pillars\/#breadcrumb\",\"itemListElement\":[{\"@type\":\"ListItem\",\"position\":1,\"name\":\"Home\",\"item\":\"https:\/\/vinacyt.com\/en\/\"},{\"@type\":\"ListItem\",\"position\":2,\"name\":\"Corporate Pillars\"}]},{\"@type\":\"WebSite\",\"@id\":\"https:\/\/vinacyt.com\/en\/#website\",\"url\":\"https:\/\/vinacyt.com\/en\/\",\"name\":\"Vi\u00f1a Concha y Toro\",\"description\":\"Vi\u00f1a Concha y Toro se ha convertido en el principal productor de vinos de Latinoam\u00e9rica con una destacada posici\u00f3n entre las compa\u00f1\u00edas de vino m\u00e1s importantes del mundo y con presencia en m\u00e1s de 130 pa\u00edses\",\"potentialAction\":[{\"@type\":\"SearchAction\",\"target\":{\"@type\":\"EntryPoint\",\"urlTemplate\":\"https:\/\/vinacyt.com\/en\/?s={search_term_string}\"},\"query-input\":{\"@type\":\"PropertyValueSpecification\",\"valueRequired\":true,\"valueName\":\"search_term_string\"}}],\"inLanguage\":\"en-US\"}]}<\/script>\n<!-- \/ Yoast SEO plugin. -->","yoast_head_json":{"title":"Corporate Pillars - Vi\u00f1a Concha y Toro","robots":{"index":"index","follow":"follow","max-snippet":"max-snippet:-1","max-image-preview":"max-image-preview:large","max-video-preview":"max-video-preview:-1"},"canonical":"https:\/\/vinacyt.com\/en\/corporate-pillars\/","og_locale":"en_US","og_type":"article","og_title":"Corporate Pillars - Vi\u00f1a Concha y Toro","og_url":"https:\/\/vinacyt.com\/en\/corporate-pillars\/","og_site_name":"Vi\u00f1a Concha y Toro","article_modified_time":"2020-08-31T18:16:22+00:00","twitter_card":"summary_large_image","schema":{"@context":"https:\/\/schema.org","@graph":[{"@type":"WebPage","@id":"https:\/\/vinacyt.com\/en\/corporate-pillars\/","url":"https:\/\/vinacyt.com\/en\/corporate-pillars\/","name":"Corporate Pillars - Vi\u00f1a Concha y Toro","isPartOf":{"@id":"https:\/\/vinacyt.com\/en\/#website"},"datePublished":"2020-07-12T04:18:16+00:00","dateModified":"2020-08-31T18:16:22+00:00","breadcrumb":{"@id":"https:\/\/vinacyt.com\/en\/corporate-pillars\/#breadcrumb"},"inLanguage":"en-US","potentialAction":[{"@type":"ReadAction","target":["https:\/\/vinacyt.com\/en\/corporate-pillars\/"]}]},{"@type":"BreadcrumbList","@id":"https:\/\/vinacyt.com\/en\/corporate-pillars\/#breadcrumb","itemListElement":[{"@type":"ListItem","position":1,"name":"Home","item":"https:\/\/vinacyt.com\/en\/"},{"@type":"ListItem","position":2,"name":"Corporate Pillars"}]},{"@type":"WebSite","@id":"https:\/\/vinacyt.com\/en\/#website","url":"https:\/\/vinacyt.com\/en\/","name":"Vi\u00f1a Concha y Toro","description":"Vi\u00f1a Concha y Toro se ha convertido en el principal productor de vinos de Latinoam\u00e9rica con una destacada posici\u00f3n entre las compa\u00f1\u00edas de vino m\u00e1s importantes del mundo y con presencia en m\u00e1s de 130 pa\u00edses","potentialAction":[{"@type":"SearchAction","target":{"@type":"EntryPoint","urlTemplate":"https:\/\/vinacyt.com\/en\/?s={search_term_string}"},"query-input":{"@type":"PropertyValueSpecification","valueRequired":true,"valueName":"search_term_string"}}],"inLanguage":"en-US"}]}},"_links":{"self":[{"href":"https:\/\/vinacyt.com\/en\/wp-json\/wp\/v2\/pages\/35639","targetHints":{"allow":["GET"]}}],"collection":[{"href":"https:\/\/vinacyt.com\/en\/wp-json\/wp\/v2\/pages"}],"about":[{"href":"https:\/\/vinacyt.com\/en\/wp-json\/wp\/v2\/types\/page"}],"author":[{"embeddable":true,"href":"https:\/\/vinacyt.com\/en\/wp-json\/wp\/v2\/users\/3"}],"replies":[{"embeddable":true,"href":"https:\/\/vinacyt.com\/en\/wp-json\/wp\/v2\/comments?post=35639"}],"version-history":[{"count":0,"href":"https:\/\/vinacyt.com\/en\/wp-json\/wp\/v2\/pages\/35639\/revisions"}],"wp:attachment":[{"href":"https:\/\/vinacyt.com\/en\/wp-json\/wp\/v2\/media?parent=35639"}],"wp:term":[{"taxonomy":"categoria","embeddable":true,"href":"https:\/\/vinacyt.com\/en\/wp-json\/wp\/v2\/categoria?post=35639"}],"curies":[{"name":"wp","href":"https:\/\/api.w.org\/{rel}","templated":true}]}}