{"id":381,"date":"2020-07-10T10:31:55","date_gmt":"2020-07-10T14:31:55","guid":{"rendered":"http:\/\/cyt-corporativo.mocadev.cl\/?page_id=381"},"modified":"2026-02-13T13:17:49","modified_gmt":"2026-02-13T16:17:49","slug":"corporate-governance","status":"publish","type":"page","link":"https:\/\/vinacyt.com\/en\/our-company\/corporate-governance\/","title":{"rendered":"Corporate Governance"},"content":{"rendered":"","protected":false},"excerpt":{"rendered":"","protected":false},"author":3,"featured_media":0,"parent":378,"menu_order":57,"comment_status":"closed","ping_status":"closed","template":"gobierno-corporativo","meta":{"_acf_changed":false,"_monsterinsights_skip_tracking":false,"_monsterinsights_sitenote_active":false,"_monsterinsights_sitenote_note":"","_monsterinsights_sitenote_category":0,"footnotes":""},"categoria":[],"class_list":["post-381","page","type-page","status-publish","hentry"],"acf":[],"yoast_head":"<!-- This site is optimized with the Yoast SEO plugin v27.1.1 - https:\/\/yoast.com\/product\/yoast-seo-wordpress\/ -->\n<title>Corporate Governance - Vi\u00f1a Concha y Toro<\/title>\n<meta name=\"robots\" content=\"index, follow, max-snippet:-1, max-image-preview:large, max-video-preview:-1\" \/>\n<link rel=\"canonical\" href=\"https:\/\/vinacyt.com\/en\/our-company\/corporate-governance\/\" \/>\n<meta property=\"og:locale\" content=\"en_US\" \/>\n<meta property=\"og:type\" content=\"article\" \/>\n<meta property=\"og:title\" content=\"Corporate Governance - Vi\u00f1a Concha y Toro\" \/>\n<meta property=\"og:url\" content=\"https:\/\/vinacyt.com\/en\/our-company\/corporate-governance\/\" \/>\n<meta property=\"og:site_name\" content=\"Vi\u00f1a Concha y Toro\" \/>\n<meta property=\"article:modified_time\" content=\"2026-02-13T16:17:49+00:00\" \/>\n<meta name=\"twitter:card\" content=\"summary_large_image\" \/>\n<script type=\"application\/ld+json\" class=\"yoast-schema-graph\">{\"@context\":\"https:\/\/schema.org\",\"@graph\":[{\"@type\":\"WebPage\",\"@id\":\"https:\/\/vinacyt.com\/en\/our-company\/corporate-governance\/\",\"url\":\"https:\/\/vinacyt.com\/en\/our-company\/corporate-governance\/\",\"name\":\"Corporate Governance - Vi\u00f1a Concha y Toro\",\"isPartOf\":{\"@id\":\"https:\/\/vinacyt.com\/en\/#website\"},\"datePublished\":\"2020-07-10T14:31:55+00:00\",\"dateModified\":\"2026-02-13T16:17:49+00:00\",\"breadcrumb\":{\"@id\":\"https:\/\/vinacyt.com\/en\/our-company\/corporate-governance\/#breadcrumb\"},\"inLanguage\":\"en-US\",\"potentialAction\":[{\"@type\":\"ReadAction\",\"target\":[\"https:\/\/vinacyt.com\/en\/our-company\/corporate-governance\/\"]}]},{\"@type\":\"BreadcrumbList\",\"@id\":\"https:\/\/vinacyt.com\/en\/our-company\/corporate-governance\/#breadcrumb\",\"itemListElement\":[{\"@type\":\"ListItem\",\"position\":1,\"name\":\"Home\",\"item\":\"https:\/\/vinacyt.com\/en\/\"},{\"@type\":\"ListItem\",\"position\":2,\"name\":\"Our Company\",\"item\":\"https:\/\/vinacyt.com\/en\/our-company\/\"},{\"@type\":\"ListItem\",\"position\":3,\"name\":\"Corporate Governance\"}]},{\"@type\":\"WebSite\",\"@id\":\"https:\/\/vinacyt.com\/en\/#website\",\"url\":\"https:\/\/vinacyt.com\/en\/\",\"name\":\"Vi\u00f1a Concha y Toro\",\"description\":\"Vi\u00f1a Concha y Toro se ha convertido en el principal productor de vinos de Latinoam\u00e9rica con una destacada posici\u00f3n entre las compa\u00f1\u00edas de vino m\u00e1s importantes del mundo y con presencia en m\u00e1s de 130 pa\u00edses\",\"potentialAction\":[{\"@type\":\"SearchAction\",\"target\":{\"@type\":\"EntryPoint\",\"urlTemplate\":\"https:\/\/vinacyt.com\/en\/?s={search_term_string}\"},\"query-input\":{\"@type\":\"PropertyValueSpecification\",\"valueRequired\":true,\"valueName\":\"search_term_string\"}}],\"inLanguage\":\"en-US\"}]}<\/script>\n<!-- \/ Yoast SEO plugin. -->","yoast_head_json":{"title":"Corporate Governance - Vi\u00f1a Concha y Toro","robots":{"index":"index","follow":"follow","max-snippet":"max-snippet:-1","max-image-preview":"max-image-preview:large","max-video-preview":"max-video-preview:-1"},"canonical":"https:\/\/vinacyt.com\/en\/our-company\/corporate-governance\/","og_locale":"en_US","og_type":"article","og_title":"Corporate Governance - Vi\u00f1a Concha y Toro","og_url":"https:\/\/vinacyt.com\/en\/our-company\/corporate-governance\/","og_site_name":"Vi\u00f1a Concha y Toro","article_modified_time":"2026-02-13T16:17:49+00:00","twitter_card":"summary_large_image","schema":{"@context":"https:\/\/schema.org","@graph":[{"@type":"WebPage","@id":"https:\/\/vinacyt.com\/en\/our-company\/corporate-governance\/","url":"https:\/\/vinacyt.com\/en\/our-company\/corporate-governance\/","name":"Corporate Governance - Vi\u00f1a Concha y Toro","isPartOf":{"@id":"https:\/\/vinacyt.com\/en\/#website"},"datePublished":"2020-07-10T14:31:55+00:00","dateModified":"2026-02-13T16:17:49+00:00","breadcrumb":{"@id":"https:\/\/vinacyt.com\/en\/our-company\/corporate-governance\/#breadcrumb"},"inLanguage":"en-US","potentialAction":[{"@type":"ReadAction","target":["https:\/\/vinacyt.com\/en\/our-company\/corporate-governance\/"]}]},{"@type":"BreadcrumbList","@id":"https:\/\/vinacyt.com\/en\/our-company\/corporate-governance\/#breadcrumb","itemListElement":[{"@type":"ListItem","position":1,"name":"Home","item":"https:\/\/vinacyt.com\/en\/"},{"@type":"ListItem","position":2,"name":"Our Company","item":"https:\/\/vinacyt.com\/en\/our-company\/"},{"@type":"ListItem","position":3,"name":"Corporate Governance"}]},{"@type":"WebSite","@id":"https:\/\/vinacyt.com\/en\/#website","url":"https:\/\/vinacyt.com\/en\/","name":"Vi\u00f1a Concha y Toro","description":"Vi\u00f1a Concha y Toro se ha convertido en el principal productor de vinos de Latinoam\u00e9rica con una destacada posici\u00f3n entre las compa\u00f1\u00edas de vino m\u00e1s importantes del mundo y con presencia en m\u00e1s de 130 pa\u00edses","potentialAction":[{"@type":"SearchAction","target":{"@type":"EntryPoint","urlTemplate":"https:\/\/vinacyt.com\/en\/?s={search_term_string}"},"query-input":{"@type":"PropertyValueSpecification","valueRequired":true,"valueName":"search_term_string"}}],"inLanguage":"en-US"}]}},"_links":{"self":[{"href":"https:\/\/vinacyt.com\/en\/wp-json\/wp\/v2\/pages\/381","targetHints":{"allow":["GET"]}}],"collection":[{"href":"https:\/\/vinacyt.com\/en\/wp-json\/wp\/v2\/pages"}],"about":[{"href":"https:\/\/vinacyt.com\/en\/wp-json\/wp\/v2\/types\/page"}],"author":[{"embeddable":true,"href":"https:\/\/vinacyt.com\/en\/wp-json\/wp\/v2\/users\/3"}],"replies":[{"embeddable":true,"href":"https:\/\/vinacyt.com\/en\/wp-json\/wp\/v2\/comments?post=381"}],"version-history":[{"count":13,"href":"https:\/\/vinacyt.com\/en\/wp-json\/wp\/v2\/pages\/381\/revisions"}],"predecessor-version":[{"id":46854,"href":"https:\/\/vinacyt.com\/en\/wp-json\/wp\/v2\/pages\/381\/revisions\/46854"}],"up":[{"embeddable":true,"href":"https:\/\/vinacyt.com\/en\/wp-json\/wp\/v2\/pages\/378"}],"wp:attachment":[{"href":"https:\/\/vinacyt.com\/en\/wp-json\/wp\/v2\/media?parent=381"}],"wp:term":[{"taxonomy":"categoria","embeddable":true,"href":"https:\/\/vinacyt.com\/en\/wp-json\/wp\/v2\/categoria?post=381"}],"curies":[{"name":"wp","href":"https:\/\/api.w.org\/{rel}","templated":true}]}}